{"id":5539,"date":"2020-09-04T10:21:56","date_gmt":"2020-09-04T13:21:56","guid":{"rendered":"https:\/\/jvaswiss.com\/intima\/?page_id=5539"},"modified":"2020-10-09T09:07:10","modified_gmt":"2020-10-09T12:07:10","slug":"como-funciona","status":"publish","type":"page","link":"https:\/\/jvaswiss.com\/intima\/como-funciona\/","title":{"rendered":"C\u00f3mo funciona"},"content":{"rendered":"<p>[et_pb_section fb_built=\u00bb1&#8243; _builder_version=\u00bb4.3.4&#8243; background_color=\u00bbrgba(0,0,0,0.1)\u00bb background_image=\u00bbhttps:\/\/jvaswiss.com\/intima\/wp-content\/uploads\/2020\/10\/portada-que-es-un-tampon-2.jpg\u00bb background_blend=\u00bbmultiply\u00bb custom_padding=\u00bb45px||45px|||\u00bb][et_pb_row _builder_version=\u00bb4.3.4&#8243; width_tablet=\u00bb\u00bb width_phone=\u00bb90%\u00bb width_last_edited=\u00bbon|phone\u00bb][et_pb_column type=\u00bb4_4&#8243; _builder_version=\u00bb4.3.4&#8243;][et_pb_text _builder_version=\u00bb4.3.4&#8243; text_font=\u00bb||||||||\u00bb text_orientation=\u00bbcenter\u00bb background_layout=\u00bbdark\u00bb animation_style=\u00bbfade\u00bb]<\/p>\n<h2><strong>\u00bfQu\u00e9 es un tamp\u00f3n y c\u00f3mo funciona?<\/strong><\/h2>\n<p>[\/et_pb_text][\/et_pb_column][\/et_pb_row][\/et_pb_section][et_pb_section fb_built=\u00bb1&#8243; custom_padding_last_edited=\u00bboff|desktop\u00bb _builder_version=\u00bb4.3.4&#8243; background_color=\u00bb#f7f9f9&#8243; background_enable_image=\u00bboff\u00bb background_size=\u00bbinitial\u00bb background_position=\u00bbbottom_left\u00bb custom_padding=\u00bb40px||40px||true|false\u00bb custom_padding_phone=\u00bb40px||0px||false|false\u00bb][et_pb_row _builder_version=\u00bb4.3.4&#8243;][et_pb_column type=\u00bb4_4&#8243; _builder_version=\u00bb4.3.4&#8243;][et_pb_text _builder_version=\u00bb4.3.4&#8243; text_orientation=\u00bbcenter\u00bb animation_style=\u00bbfade\u00bb animation_direction=\u00bbleft\u00bb animation_starting_opacity=\u00bb100%\u00bb]<\/p>\n<h3><strong>Ventajas de un tamp\u00f3n<\/strong><\/h3>\n<p>\u00bfHas sentido que durante esos d\u00edas no puedes ir a la pileta, a la playa, ponerte la bikini que tanto te gusta, salir a bailar sin riesgo, ir al gimnasio, montar bicicleta, hacer yoga, etc?<\/p>\n<p><span style=\"color: #e6007e;\"><strong>\u00a1Eso es porque no sabes lo que es un tamp\u00f3n!<\/strong><\/span>[\/et_pb_text][\/et_pb_column][\/et_pb_row][et_pb_row column_structure=\u00bb1_3,1_3,1_3&#8243; use_custom_gutter=\u00bbon\u00bb gutter_width=\u00bb2&#8243; _builder_version=\u00bb4.0.7&#8243;][et_pb_column type=\u00bb1_3&#8243; _builder_version=\u00bb3.29.3&#8243;][et_pb_blurb image=\u00bbhttps:\/\/jvaswiss.com\/intima\/wp-content\/uploads\/2020\/09\/001-brazos-arriba-nuevo.svg\u00bb image_max_width=\u00bb30%\u00bb _builder_version=\u00bb4.3.4&#8243; header_text_align=\u00bbcenter\u00bb transform_translate_linked__hover=\u00bboff\u00bb text_orientation=\u00bbcenter\u00bb animation_style=\u00bbfade\u00bb transform_styles__hover_enabled=\u00bbon|hover\u00bb transform_scale__hover_enabled=\u00bbon|desktop\u00bb transform_translate__hover_enabled=\u00bbon|hover\u00bb transform_rotate__hover_enabled=\u00bbon|desktop\u00bb transform_skew__hover_enabled=\u00bbon|desktop\u00bb transform_origin__hover_enabled=\u00bbon|desktop\u00bb transform_translate__hover=\u00bb0px|-10px\u00bb]<\/p>\n<p>Libertad total para<br \/> hacer lo que quieras<\/p>\n<p>[\/et_pb_blurb][\/et_pb_column][et_pb_column type=\u00bb1_3&#8243; _builder_version=\u00bb3.29.3&#8243;][et_pb_blurb image=\u00bbhttps:\/\/jvaswiss.com\/intima\/wp-content\/uploads\/2020\/09\/003-tampon-icono-nuevo.svg\u00bb image_max_width=\u00bb30%\u00bb _builder_version=\u00bb4.3.4&#8243; header_text_align=\u00bbcenter\u00bb transform_translate_linked__hover=\u00bboff\u00bb text_orientation=\u00bbcenter\u00bb animation_style=\u00bbfade\u00bb animation_delay=\u00bb200ms\u00bb transform_styles__hover_enabled=\u00bbon|hover\u00bb transform_scale__hover_enabled=\u00bbon|desktop\u00bb transform_translate__hover_enabled=\u00bbon|hover\u00bb transform_rotate__hover_enabled=\u00bbon|desktop\u00bb transform_skew__hover_enabled=\u00bbon|desktop\u00bb transform_origin__hover_enabled=\u00bbon|desktop\u00bb transform_translate__hover=\u00bb0px|-10px\u00bb]<\/p>\n<p>Producto avanzado en<br \/> protecci\u00f3n femenina<\/p>\n<p>[\/et_pb_blurb][\/et_pb_column][et_pb_column type=\u00bb1_3&#8243; _builder_version=\u00bb3.29.3&#8243;][et_pb_blurb image=\u00bbhttps:\/\/jvaswiss.com\/intima\/wp-content\/uploads\/2020\/09\/corazon-1-01.svg\u00bb image_max_width=\u00bb30%\u00bb _builder_version=\u00bb4.3.4&#8243; header_text_align=\u00bbcenter\u00bb transform_translate_linked__hover=\u00bboff\u00bb text_orientation=\u00bbcenter\u00bb animation_style=\u00bbfade\u00bb animation_delay=\u00bb400ms\u00bb transform_styles__hover_enabled=\u00bbon|hover\u00bb transform_scale__hover_enabled=\u00bbon|desktop\u00bb transform_translate__hover_enabled=\u00bbon|hover\u00bb transform_rotate__hover_enabled=\u00bbon|desktop\u00bb transform_skew__hover_enabled=\u00bbon|desktop\u00bb transform_origin__hover_enabled=\u00bbon|desktop\u00bb transform_translate__hover=\u00bb0px|-10px\u00bb]<\/p>\n<p>No se siente al<br \/> tenerlo bien puesto<\/p>\n<p>[\/et_pb_blurb][\/et_pb_column][\/et_pb_row][\/et_pb_section][et_pb_section fb_built=\u00bb1&#8243; custom_padding_last_edited=\u00bboff|desktop\u00bb _builder_version=\u00bb4.3.4&#8243; background_enable_image=\u00bboff\u00bb background_size=\u00bbinitial\u00bb background_position=\u00bbbottom_left\u00bb custom_padding=\u00bb||0px||false|false\u00bb custom_padding_phone=\u00bb40px||0px||false|false\u00bb][et_pb_row column_structure=\u00bb1_2,1_2&#8243; _builder_version=\u00bb4.3.4&#8243; width=\u00bb100%\u00bb max_width=\u00bb100%\u00bb custom_padding=\u00bb0px||0px||false|false\u00bb][et_pb_column type=\u00bb1_2&#8243; _builder_version=\u00bb4.3.4&#8243; custom_padding=\u00bb3%|0px|3%|8%|true|false\u00bb custom_padding_tablet=\u00bb\u00bb custom_padding_phone=\u00bb3%|8%|3%|8%|true|false\u00bb custom_padding_last_edited=\u00bbon|phone\u00bb][et_pb_text _builder_version=\u00bb4.3.4&#8243; animation_style=\u00bbfade\u00bb animation_direction=\u00bbleft\u00bb animation_starting_opacity=\u00bb100%\u00bb]Un tamp\u00f3n es un <span style=\"color: #e6007e;\"><strong>art\u00edculo de higiene femenina<\/strong><\/span>, para absorber (no tapar) el flujo de la menstruaci\u00f3n.<\/p>\n<p>El tipo m\u00e1s com\u00fan en la actualidad se vende en forma de unidades desechables que se insertan manualmente hasta el fondo de la vagina y se extraen mediante un cord\u00f3n.<\/p>\n<p>El tamp\u00f3n tiene forma de bala, con un n\u00facleo comprimido de <strong><span style=\"color: #e6007e;\">material absorbente <\/span><\/strong>recubierto por una tela no tejida extra suave.[\/et_pb_text][\/et_pb_column][et_pb_column type=\u00bb1_2&#8243; _builder_version=\u00bb3.29.3&#8243;][et_pb_image src=\u00bbhttps:\/\/jvaswiss.com\/intima\/wp-content\/uploads\/2020\/09\/mano-con-tampon-png-2-min.png\u00bb align=\u00bbright\u00bb _builder_version=\u00bb4.3.4&#8243; animation_style=\u00bbslide\u00bb animation_direction=\u00bbright\u00bb][\/et_pb_image][\/et_pb_column][\/et_pb_row][\/et_pb_section][et_pb_section fb_built=\u00bb1&#8243; custom_padding_last_edited=\u00bboff|desktop\u00bb _builder_version=\u00bb4.3.4&#8243; background_enable_image=\u00bboff\u00bb background_size=\u00bbinitial\u00bb background_position=\u00bbbottom_left\u00bb custom_padding=\u00bb0px||0px||false|false\u00bb custom_padding_phone=\u00bb40px||0px||false|false\u00bb][et_pb_row column_structure=\u00bb1_2,1_2&#8243; _builder_version=\u00bb4.3.4&#8243; width=\u00bb100%\u00bb max_width=\u00bb100%\u00bb custom_padding=\u00bb0px||0px||false|false\u00bb][et_pb_column type=\u00bb1_2&#8243; _builder_version=\u00bb3.29.3&#8243;][et_pb_image src=\u00bbhttps:\/\/jvaswiss.com\/intima\/wp-content\/uploads\/2020\/09\/mano-con-tampon-png-1-min.png\u00bb _builder_version=\u00bb4.3.4&#8243; animation_style=\u00bbslide\u00bb animation_direction=\u00bbleft\u00bb][\/et_pb_image][\/et_pb_column][et_pb_column type=\u00bb1_2&#8243; _builder_version=\u00bb4.3.4&#8243; custom_padding=\u00bb5%|8%|5%|0%|true|false\u00bb custom_padding_tablet=\u00bb\u00bb custom_padding_phone=\u00bb5%|8%|5%|8%|true|false\u00bb custom_padding_last_edited=\u00bbon|phone\u00bb][et_pb_text _builder_version=\u00bb4.3.4&#8243; animation_style=\u00bbfade\u00bb animation_direction=\u00bbleft\u00bb animation_starting_opacity=\u00bb100%\u00bb]<\/p>\n<p>Hoy en d\u00eda, la mayor parte de los tampones son hechos de viscosa, que es un material hecho de fibras suaves de madera, <strong><span style=\"color: #e6007e;\">material 100% biodegradable.<\/span><\/strong><\/p>\n<p>En apariencia es muy similar al algod\u00f3n, pero por sus caracter\u00edsticas <strong><span style=\"color: #e6007e;\">absorbe m\u00e1s y permite un mejor control<\/span><\/strong> en los est\u00e1ndares mundiales de absorci\u00f3n.<\/p>\n<p>[\/et_pb_text][\/et_pb_column][\/et_pb_row][\/et_pb_section][et_pb_section fb_built=\u00bb1&#8243; custom_padding_last_edited=\u00bboff|desktop\u00bb _builder_version=\u00bb4.3.4&#8243; background_enable_color=\u00bboff\u00bb background_enable_image=\u00bboff\u00bb background_size=\u00bbinitial\u00bb background_position=\u00bbbottom_left\u00bb custom_margin=\u00bb-30px||||false|false\u00bb custom_padding_phone=\u00bb40px||0px||false|false\u00bb hover_enabled=\u00bb0&#8243; custom_padding=\u00bb||20px||false|false\u00bb][et_pb_row _builder_version=\u00bb4.3.4&#8243;][et_pb_column type=\u00bb4_4&#8243; _builder_version=\u00bb4.3.4&#8243;][et_pb_text _builder_version=\u00bb4.3.4&#8243; text_orientation=\u00bbcenter\u00bb animation_style=\u00bbfade\u00bb animation_direction=\u00bbleft\u00bb animation_starting_opacity=\u00bb100%\u00bb]<\/p>\n<h3><strong>Preguntas frecuentes<\/strong><\/h3>\n<p>[\/et_pb_text][\/et_pb_column][\/et_pb_row][et_pb_row column_structure=\u00bb1_2,1_2&#8243; _builder_version=\u00bb4.3.4&#8243;][et_pb_column type=\u00bb1_2&#8243; _builder_version=\u00bb4.3.4&#8243;][et_pb_accordion open_toggle_background_color=\u00bbrgba(230,0,126,0.26)\u00bb closed_toggle_background_color=\u00bbrgba(230,0,126,0.11)\u00bb icon_color=\u00bb#e6007e\u00bb _builder_version=\u00bb4.3.4&#8243; toggle_level=\u00bbh4&#8243; toggle_font_size=\u00bb16px\u00bb hover_enabled=\u00bb0&#8243; border_color_all=\u00bb#fcd9f0&#8243; toggle_font=\u00bb|600|||||||\u00bb][et_pb_accordion_item title=\u00bb\u00bfHay una edad espec\u00edfica para usar tampones?\u00bb open=\u00bbon\u00bb _builder_version=\u00bb4.3.4&#8243;]<\/p>\n<p>Si tiene la edad suficiente para tener periodo, tiene la edad suficiente para usar un tamp\u00f3n.<\/p>\n<p>[\/et_pb_accordion_item][et_pb_accordion_item title=\u00bb\u00bfSe puede usar tampones desde la primera menstruaci\u00f3n?\u00bb _builder_version=\u00bb4.3.4&#8243; open=\u00bboff\u00bb]<\/p>\n<p>S\u00ed. Se puede usar tampones desde el inicio del primer periodo. Es importante leer las instrucciones del paquete, en caso de tener dudas preguntar a un profesional de la salud o familiar. Se debe revisar la intensidad del flujo para escoger el nivel de absorci\u00f3n Super (Flujo Intenso), medio ( Flujo intermedio), Mini (Poco Flujo)<\/p>\n<p>[\/et_pb_accordion_item][et_pb_accordion_item title=\u00bb\u00bfDuele ponerse o quitarse un tamp\u00f3n?\u00bb _builder_version=\u00bb4.3.4&#8243; open=\u00bboff\u00bb]<\/p>\n<p>No deber\u00eda doler si est\u00e1 adecuadamente puesto. Algunas veces insertar o retirar un tamp\u00f3n puede generar sensaci\u00f3n de presi\u00f3n e incomodidad porque la vagina est\u00e1 seca o el flujo es muy ligero, se puede probar uno de absorci\u00f3n m\u00e1s ligera. Si se experimenta dolor vaginal al usar tapones y estos est\u00e1n bien colocados consulta con un profesional de la salud.<\/p>\n<p>[\/et_pb_accordion_item][et_pb_accordion_item title=\u00bb\u00bfLos tampones se pueden perder totalmente dentro de ti?\u00bb _builder_version=\u00bb4.3.4&#8243; open=\u00bboff\u00bb]<\/p>\n<p>No. Cuando se introduce un tamp\u00f3n, este permanece en la vagina y no puede irse a ninguna otra parte del cuerpo. Se puede quitar usando la cuerda que se une al tamp\u00f3n.<\/p>\n<p>[\/et_pb_accordion_item][et_pb_accordion_item title=\u00bb\u00bfLos  tampones se pueden salir?\u00bb _builder_version=\u00bb4.3.4&#8243; open=\u00bboff\u00bb]<\/p>\n<p>No. Cuando insertas un tamp\u00f3n de manera correcta la vagina lo mantiene naturalmente en su sitio, incluso cuando est\u00e9s corriendo o haciendo cualquier actividad f\u00edsica.<\/p>\n<p>[\/et_pb_accordion_item][et_pb_accordion_item title=\u00bb\u00bfMe puedo ba\u00f1ar mientras tengo un tamp\u00f3n puesto?\u00bb _builder_version=\u00bb4.3.4&#8243; open=\u00bboff\u00bb]<\/p>\n<p>S\u00ed. Se puede usar un tamp\u00f3n en la ducha o en la ba\u00f1era. Los tampones tambi\u00e9n son excelentes opciones cuando vas a nadar durante tu periodo.<\/p>\n<p>[\/et_pb_accordion_item][\/et_pb_accordion][\/et_pb_column][et_pb_column type=\u00bb1_2&#8243; _builder_version=\u00bb4.3.4&#8243;][et_pb_accordion open_toggle_background_color=\u00bbrgba(230,0,126,0.26)\u00bb closed_toggle_background_color=\u00bbrgba(230,0,126,0.11)\u00bb icon_color=\u00bb#e6007e\u00bb _builder_version=\u00bb4.3.4&#8243; toggle_level=\u00bbh4&#8243; toggle_font_size=\u00bb16px\u00bb hover_enabled=\u00bb0&#8243; border_color_all=\u00bb#fcd9f0&#8243; toggle_font=\u00bb|600|||||||\u00bb][et_pb_accordion_item title=\u00bbSi uso tampones \u00bfPierdo la virginidad?\u00bb open=\u00bbon\u00bb _builder_version=\u00bb4.3.4&#8243;]<\/p>\n<p>El uso de tampones no afecta la virginidad, una persona es virgen hasta que tiene su primera relaci\u00f3n sexual.<\/p>\n<p>[\/et_pb_accordion_item][et_pb_accordion_item title=\u00bbEl uso de tampones \u00bfMe pone en riesgo de cancer cervical?\u00bb _builder_version=\u00bb4.3.4&#8243; open=\u00bboff\u00bb]<\/p>\n<p>El c\u00e1ncer de cuello uterino no est\u00e1 vinculado cient\u00edfica o m\u00e9dicamente al uso de tampones.<\/p>\n<p>[\/et_pb_accordion_item][et_pb_accordion_item title=\u00bb\u00bfLos tampones causan S\u00edndrome de Shock T\u00f3xico?\u00bb _builder_version=\u00bb4.3.4&#8243; open=\u00bboff\u00bb]<\/p>\n<p>El SST lo causan cepas espec\u00edficas de una bacteria llamada\u00a0Staphylococcus aureus\u00a0en personas susceptibles. El s\u00edndrome de choque t\u00f3xico (SST) es una enfermedad poco com\u00fan que afecta a 1 en 100.000 personas que menstr\u00faan. Este problema puede afectar a personas de todas las edades, e incluso a hombres y ni\u00f1os. Usar un tamp\u00f3n o cualquier otro m\u00e9todo de protecci\u00f3n femenina por mucho tiempo (m\u00e1s de 8 horas) est\u00e1 asociado con el SST. Los s\u00edntomas del SST comienzan de repente y pueden empeorar r\u00e1pidamente.<\/p>\n<p><strong>El SST se debe tratar r\u00e1pidamente, por lo que saber reconocer los s\u00edntomas es muy importante:<\/strong><\/p>\n<ul>\n<li>Temperatura alta (fiebre) de 39\u00b0C (102.2\u00b0F) o mayor<\/li>\n<li>S\u00edntomas de gripe tales como dolor de cabeza, escalofr\u00edos, dolores musculares, dolor de garganta y tos<\/li>\n<li>Sensaci\u00f3n y manifestaci\u00f3n de enfermedad<\/li>\n<li>Diarrea<\/li>\n<li>Erupci\u00f3n generalizada parecida a las quemaduras de sol<\/li>\n<li>Enrojecimiento intenso de la escler\u00f3tica, los labios y la lengua<\/li>\n<li>Mareo y desmayos<\/li>\n<li>Dificultad para respirar<\/li>\n<li>Desorientaci\u00f3n, somnolencia y p\u00e9rdida de conocimiento<\/li>\n<\/ul>\n<p>Es de suma importancia contactar de inmediato a un profesional de la salud si se presenta una combinaci\u00f3n de los s\u00edntomas anteriormente mencionados.<\/p>\n<p>Para reducir las posibilidades de sufrir SST se puede usar tampones con un menor grado de absorci\u00f3n y cambiarlos con frecuencia. Evitar usar un tamp\u00f3n por m\u00e1s de 8 horas, 4-6 horas es el rango recomendado.<\/p>\n<p>[\/et_pb_accordion_item][et_pb_accordion_item title=\u00bb\u00bfEs verdad que no puedo ir al ba\u00f1o mientras el tamp\u00f3n est\u00e1 puesto?\u00bb _builder_version=\u00bb4.3.4&#8243; open=\u00bboff\u00bb]<\/p>\n<p>No, no tienes que cambiarte el tamp\u00f3n cada vez que vas al ba\u00f1o, se puede apartar el hilo para evitar que se moje. Esto es solo por comodidad y es poco probable que existan problemas de salud si accidentalmente se moja el hilo del tamp\u00f3n.<\/p>\n<p>[\/et_pb_accordion_item][et_pb_accordion_item title=\u00bb\u00bfHay pesticidas en los tampones?\u00bb _builder_version=\u00bb4.3.4&#8243; open=\u00bboff\u00bb]<\/p>\n<p>Para los materiales que se cultivan en el suelo, como es el caso del algod\u00f3n, los fabricantes de tampones limpian y purifican completamente todas las fibras para garantizar que los materiales est\u00e9n libres de sustancias nocivas antes de que se conviertan en parte del\u00a0producto. \u00a0Las evaluaciones regulares han confirmado que todos los materiales de los tampones son seguros para\u00a0<span>su uso<\/span>.<\/p>\n<p>[\/et_pb_accordion_item][\/et_pb_accordion][\/et_pb_column][\/et_pb_row][\/et_pb_section]<\/p>\n","protected":false},"excerpt":{"rendered":"<p>\u00bfQu\u00e9 es un tamp\u00f3n y c\u00f3mo funciona?Ventajas de un tamp\u00f3n \u00bfHas sentido que durante esos d\u00edas no puedes ir a la pileta, a la playa, ponerte la bikini que tanto te gusta, salir a bailar sin riesgo, ir al gimnasio, montar bicicleta, hacer yoga, etc? \u00a1Eso es porque no sabes lo que es un tamp\u00f3n!Libertad [&hellip;]<\/p>\n","protected":false},"author":1,"featured_media":0,"parent":0,"menu_order":0,"comment_status":"closed","ping_status":"closed","template":"","meta":{"_et_pb_use_builder":"on","_et_pb_old_content":"","_et_gb_content_width":"","footnotes":""},"class_list":["post-5539","page","type-page","status-publish","hentry"],"_links":{"self":[{"href":"https:\/\/jvaswiss.com\/intima\/wp-json\/wp\/v2\/pages\/5539","targetHints":{"allow":["GET"]}}],"collection":[{"href":"https:\/\/jvaswiss.com\/intima\/wp-json\/wp\/v2\/pages"}],"about":[{"href":"https:\/\/jvaswiss.com\/intima\/wp-json\/wp\/v2\/types\/page"}],"author":[{"embeddable":true,"href":"https:\/\/jvaswiss.com\/intima\/wp-json\/wp\/v2\/users\/1"}],"replies":[{"embeddable":true,"href":"https:\/\/jvaswiss.com\/intima\/wp-json\/wp\/v2\/comments?post=5539"}],"version-history":[{"count":58,"href":"https:\/\/jvaswiss.com\/intima\/wp-json\/wp\/v2\/pages\/5539\/revisions"}],"predecessor-version":[{"id":7456,"href":"https:\/\/jvaswiss.com\/intima\/wp-json\/wp\/v2\/pages\/5539\/revisions\/7456"}],"wp:attachment":[{"href":"https:\/\/jvaswiss.com\/intima\/wp-json\/wp\/v2\/media?parent=5539"}],"curies":[{"name":"wp","href":"https:\/\/api.w.org\/{rel}","templated":true}]}}