{"id":6866,"date":"2020-09-07T11:55:57","date_gmt":"2020-09-07T14:55:57","guid":{"rendered":"https:\/\/jvaswiss.com\/intima\/?page_id=6866"},"modified":"2020-10-09T12:03:21","modified_gmt":"2020-10-09T15:03:21","slug":"que-tampon-utilizar","status":"publish","type":"page","link":"https:\/\/jvaswiss.com\/intima\/que-tampon-utilizar\/","title":{"rendered":"Qu\u00e9 tamp\u00f3n utilizar"},"content":{"rendered":"<p>[et_pb_section fb_built=\u00bb1&#8243; _builder_version=\u00bb4.3.4&#8243; background_color=\u00bbrgba(0,0,0,0.1)\u00bb background_image=\u00bbhttps:\/\/jvaswiss.com\/intima\/wp-content\/uploads\/2020\/10\/portada-tampones.jpg\u00bb background_position=\u00bbtop_right\u00bb background_blend=\u00bbmultiply\u00bb custom_padding=\u00bb45px||45px|||\u00bb][et_pb_row _builder_version=\u00bb4.3.4&#8243;][et_pb_column type=\u00bb4_4&#8243; _builder_version=\u00bb4.3.4&#8243;][et_pb_text _builder_version=\u00bb4.3.4&#8243; text_font=\u00bb||||||||\u00bb text_orientation=\u00bbcenter\u00bb background_layout=\u00bbdark\u00bb animation_style=\u00bbfade\u00bb]<\/p>\n<h2><strong>\u00bfQu\u00e9 tamp\u00f3n debes utilizar?<\/strong><\/h2>\n<p>[\/et_pb_text][\/et_pb_column][\/et_pb_row][\/et_pb_section][et_pb_section fb_built=\u00bb1&#8243; _builder_version=\u00bb4.3.4&#8243; background_enable_color=\u00bboff\u00bb background_enable_image=\u00bboff\u00bb custom_padding=\u00bb9px||9px||true|false\u00bb top_divider_height=\u00bb50px\u00bb][et_pb_row _builder_version=\u00bb4.3.4&#8243;][et_pb_column type=\u00bb4_4&#8243; _builder_version=\u00bb4.3.4&#8243;][et_pb_text _builder_version=\u00bb4.3.4&#8243; text_orientation=\u00bbcenter\u00bb animation_style=\u00bbfade\u00bb animation_direction=\u00bbleft\u00bb animation_starting_opacity=\u00bb100%\u00bb]<\/p>\n<h3><strong>El tama\u00f1o del tamp\u00f3n que debes utilizar solo depende de la intensidad de tu flujo.<\/strong><\/h3>\n<p><span style=\"color: #e6007e;\"><strong>No depende en absoluto si eres virgen o si tienes una vida sexual activa o no.<\/strong><\/span><\/p>\n<p>[\/et_pb_text][\/et_pb_column][\/et_pb_row][et_pb_row column_structure=\u00bb1_3,1_3,1_3&#8243; use_custom_gutter=\u00bbon\u00bb gutter_width=\u00bb2&#8243; _builder_version=\u00bb4.0.7&#8243; custom_padding=\u00bb||38px|||\u00bb][et_pb_column type=\u00bb1_3&#8243; _builder_version=\u00bb3.29.3&#8243;][et_pb_text _builder_version=\u00bb4.3.4&#8243; text_orientation=\u00bbcenter\u00bb]<\/p>\n<p>Flujo suave<\/p>\n<p>[\/et_pb_text][et_pb_image src=\u00bbhttps:\/\/jvaswiss.com\/intima\/wp-content\/uploads\/2020\/09\/Mesa-de-trabajo-12-gotas-redim.svg\u00bb align=\u00bbcenter\u00bb _builder_version=\u00bb4.3.4&#8243; width=\u00bb45%\u00bb][\/et_pb_image][et_pb_gallery gallery_ids=\u00bb7401&#8243; posts_number=\u00bb1&#8243; orientation=\u00bbportrait\u00bb show_title_and_caption=\u00bboff\u00bb show_pagination=\u00bboff\u00bb hover_icon=\u00bb%%51%%\u00bb _builder_version=\u00bb4.3.4&#8243; width=\u00bb65%\u00bb module_alignment=\u00bbcenter\u00bb hover_enabled=\u00bb0&#8243; zoom_icon_color=\u00bb#e6007e\u00bb][\/et_pb_gallery][et_pb_blurb title=\u00bbMini\u00bb _builder_version=\u00bb4.3.4&#8243; header_font=\u00bb|700||on|||||\u00bb header_text_align=\u00bbcenter\u00bb header_text_color=\u00bb#e6007e\u00bb transform_translate_linked__hover=\u00bboff\u00bb text_orientation=\u00bbcenter\u00bb animation_style=\u00bbfade\u00bb transform_styles__hover_enabled=\u00bbon|hover\u00bb transform_scale__hover_enabled=\u00bbon|desktop\u00bb transform_translate__hover_enabled=\u00bbon|hover\u00bb transform_rotate__hover_enabled=\u00bbon|desktop\u00bb transform_skew__hover_enabled=\u00bbon|desktop\u00bb transform_origin__hover_enabled=\u00bbon|desktop\u00bb transform_translate__hover=\u00bb0px|-10px\u00bb]<\/p>\n<p>Para aquellos d\u00edas donde tu flujo es bajo.<\/p>\n<p>[\/et_pb_blurb][et_pb_text _builder_version=\u00bb4.3.4&#8243; text_orientation=\u00bbcenter\u00bb]Los pod\u00e9s encontrar en su version de<br \/>\n<span style=\"color: #e6007e;\"><strong>8 unidades<\/strong><\/span>[\/et_pb_text][\/et_pb_column][et_pb_column type=\u00bb1_3&#8243; _builder_version=\u00bb3.29.3&#8243;][et_pb_text _builder_version=\u00bb4.3.4&#8243; text_orientation=\u00bbcenter\u00bb]<\/p>\n<p>Flujo moderado a intenso<\/p>\n<p>[\/et_pb_text][et_pb_image src=\u00bbhttps:\/\/jvaswiss.com\/intima\/wp-content\/uploads\/2020\/09\/Mesa-de-trabajo-13-gotas-redim.svg\u00bb align=\u00bbcenter\u00bb _builder_version=\u00bb4.3.4&#8243; width=\u00bb45%\u00bb][\/et_pb_image][et_pb_gallery gallery_ids=\u00bb7402,7483&#8243; posts_number=\u00bb1&#8243; orientation=\u00bbportrait\u00bb show_title_and_caption=\u00bboff\u00bb show_pagination=\u00bboff\u00bb hover_icon=\u00bb%%51%%\u00bb _builder_version=\u00bb4.3.4&#8243; width=\u00bb65%\u00bb module_alignment=\u00bbcenter\u00bb hover_enabled=\u00bb0&#8243; zoom_icon_color=\u00bb#e6007e\u00bb][\/et_pb_gallery][et_pb_blurb title=\u00bbMedio\u00bb _builder_version=\u00bb4.3.4&#8243; header_font=\u00bb|700||on|||||\u00bb header_text_align=\u00bbcenter\u00bb header_text_color=\u00bb#e6007e\u00bb transform_translate_linked__hover=\u00bboff\u00bb text_orientation=\u00bbcenter\u00bb animation_style=\u00bbfade\u00bb animation_delay=\u00bb200ms\u00bb transform_styles__hover_enabled=\u00bbon|hover\u00bb transform_scale__hover_enabled=\u00bbon|desktop\u00bb transform_translate__hover_enabled=\u00bbon|hover\u00bb transform_rotate__hover_enabled=\u00bbon|desktop\u00bb transform_skew__hover_enabled=\u00bbon|desktop\u00bb transform_origin__hover_enabled=\u00bbon|desktop\u00bb transform_translate__hover=\u00bb0px|-10px\u00bb]<\/p>\n<p>Para aquellos d\u00edas donde tu flujo es de moderado a intenso.<\/p>\n<p>[\/et_pb_blurb][et_pb_text _builder_version=\u00bb4.3.4&#8243; text_orientation=\u00bbcenter\u00bb]Los pod\u00e9s encontrar en su version de<br \/>\n<span style=\"color: #e6007e;\"><strong>8 unidades &#8211; 16 unidades<br \/>\n20 unidades<\/strong><\/span>[\/et_pb_text][\/et_pb_column][et_pb_column type=\u00bb1_3&#8243; _builder_version=\u00bb3.29.3&#8243;][et_pb_text _builder_version=\u00bb4.3.4&#8243; text_orientation=\u00bbcenter\u00bb]<\/p>\n<p>Flujo intenso<\/p>\n<p>[\/et_pb_text][et_pb_image src=\u00bbhttps:\/\/jvaswiss.com\/intima\/wp-content\/uploads\/2020\/09\/Mesa-de-trabajo-14-gotas-redim.svg\u00bb align=\u00bbcenter\u00bb _builder_version=\u00bb4.3.4&#8243; width=\u00bb45%\u00bb][\/et_pb_image][et_pb_gallery gallery_ids=\u00bb7482,7400&#8243; posts_number=\u00bb1&#8243; orientation=\u00bbportrait\u00bb show_title_and_caption=\u00bboff\u00bb show_pagination=\u00bboff\u00bb hover_icon=\u00bb%%51%%\u00bb _builder_version=\u00bb4.3.4&#8243; width=\u00bb65%\u00bb module_alignment=\u00bbcenter\u00bb zoom_icon_color=\u00bb#e6007e\u00bb][\/et_pb_gallery][et_pb_blurb title=\u00bbSuper\u00bb _builder_version=\u00bb4.3.4&#8243; header_font=\u00bb|700||on|||||\u00bb header_text_align=\u00bbcenter\u00bb header_text_color=\u00bb#e6007e\u00bb transform_translate_linked__hover=\u00bboff\u00bb text_orientation=\u00bbcenter\u00bb animation_style=\u00bbfade\u00bb animation_delay=\u00bb400ms\u00bb transform_styles__hover_enabled=\u00bbon|hover\u00bb transform_scale__hover_enabled=\u00bbon|desktop\u00bb transform_translate__hover_enabled=\u00bbon|hover\u00bb transform_rotate__hover_enabled=\u00bbon|desktop\u00bb transform_skew__hover_enabled=\u00bbon|desktop\u00bb transform_origin__hover_enabled=\u00bbon|desktop\u00bb transform_translate__hover=\u00bb0px|-10px\u00bb]<\/p>\n<p>Para aquellos d\u00edas donde tu flujo es intenso.<\/p>\n<p>[\/et_pb_blurb][et_pb_text _builder_version=\u00bb4.3.4&#8243; text_orientation=\u00bbcenter\u00bb]Los pod\u00e9s encontrar en su version de<br \/>\n<span style=\"color: #e6007e;\"><strong>8 unidades &#8211; 16 unidades<br \/>\n20 unidades<\/strong><\/span>[\/et_pb_text][\/et_pb_column][\/et_pb_row][\/et_pb_section]<\/p>\n","protected":false},"excerpt":{"rendered":"<p>\u00bfQu\u00e9 tamp\u00f3n debes utilizar?El tama\u00f1o del tamp\u00f3n que debes utilizar solo depende de la intensidad de tu flujo. No depende en absoluto si eres virgen o si tienes una vida sexual activa o no.Flujo suavePara aquellos d\u00edas donde tu flujo es bajo.Los pod\u00e9s encontrar en su version de 8 unidadesFlujo moderado a intensoPara aquellos d\u00edas [&hellip;]<\/p>\n","protected":false},"author":1,"featured_media":0,"parent":0,"menu_order":0,"comment_status":"closed","ping_status":"closed","template":"","meta":{"_et_pb_use_builder":"on","_et_pb_old_content":"","_et_gb_content_width":"","footnotes":""},"class_list":["post-6866","page","type-page","status-publish","hentry"],"_links":{"self":[{"href":"https:\/\/jvaswiss.com\/intima\/wp-json\/wp\/v2\/pages\/6866","targetHints":{"allow":["GET"]}}],"collection":[{"href":"https:\/\/jvaswiss.com\/intima\/wp-json\/wp\/v2\/pages"}],"about":[{"href":"https:\/\/jvaswiss.com\/intima\/wp-json\/wp\/v2\/types\/page"}],"author":[{"embeddable":true,"href":"https:\/\/jvaswiss.com\/intima\/wp-json\/wp\/v2\/users\/1"}],"replies":[{"embeddable":true,"href":"https:\/\/jvaswiss.com\/intima\/wp-json\/wp\/v2\/comments?post=6866"}],"version-history":[{"count":61,"href":"https:\/\/jvaswiss.com\/intima\/wp-json\/wp\/v2\/pages\/6866\/revisions"}],"predecessor-version":[{"id":7491,"href":"https:\/\/jvaswiss.com\/intima\/wp-json\/wp\/v2\/pages\/6866\/revisions\/7491"}],"wp:attachment":[{"href":"https:\/\/jvaswiss.com\/intima\/wp-json\/wp\/v2\/media?parent=6866"}],"curies":[{"name":"wp","href":"https:\/\/api.w.org\/{rel}","templated":true}]}}